{"id":2708,"date":"2013-11-03T10:37:37","date_gmt":"2013-11-03T09:37:37","guid":{"rendered":"http:\/\/www.alphak.net\/news\/?page_id=2708"},"modified":"2018-11-02T20:35:26","modified_gmt":"2018-11-02T19:35:26","slug":"contact","status":"publish","type":"page","link":"http:\/\/www.alphak.net\/news\/contact\/","title":{"rendered":"Contact"},"content":{"rendered":"<p>Veuillez noter que <strong>je suis notifi\u00e9<\/strong> lorsque vous commentez un des articles de ce site. Par cons\u00e9quent, pour toute demande d&rsquo;aide ou d&rsquo;informations compl\u00e9mentaire relative \u00e0 un de ces articles, je vous recommande chaudement de <strong>laisser un commentaire<\/strong> sur le site plut\u00f4t que de me contacter directement.<\/p>\n<p>Cette d\u00e9marche permettra aux personnes ayant les m\u00eames probl\u00e8mes que vous de <strong>b\u00e9n\u00e9ficier des discussions existantes<\/strong> d&rsquo;une part, et cela \u00e9vitera que les m\u00eames questions <strong>me soient pos\u00e9es plusieurs fois<\/strong> d&rsquo;autre part.<\/p>\n<p>Si toutefois vous souhaitez me contacter directement et de mani\u00e8re priv\u00e9e, vous pouvez utiliser le formulaire ci-dessous :<\/p>\n","protected":false},"excerpt":{"rendered":"<p>Veuillez noter que <strong>je suis notifi\u00e9<\/strong> lorsque vous commentez un des articles de ce site. Par cons\u00e9quent, pour toute demande d&rsquo;aide ou d&rsquo;informations compl\u00e9mentaire relative \u00e0 un de ces articles, je vous recommande chaudement de <strong>laisser un commentaire<\/strong> sur le site plut\u00f4t que de me contacter directement.<\/p>\n<p>Cette d\u00e9marche permettra aux personnes ayant les m\u00eames probl\u00e8mes que vous de <strong>b\u00e9n\u00e9ficier des discussions existantes<\/strong> d&rsquo;une part, et cela \u00e9vitera que les m\u00eames questions <strong>me soient pos\u00e9es plusieurs fois<\/strong> d&rsquo;autre part.<\/p>\n<p>Si toutefois vous souhaitez me contacter directement et de mani\u00e8re priv\u00e9e, vous pouvez utiliser le formulaire ci-dessous :<\/p>\n\t<div class=\"post-teaser-block\">\r\n\t\t<div class=\"teaserHellip\">\r\n\t\t\t<span class=\"teaserLeft\">[<\/span><span class=\"teaserCenter\">&hellip;<\/span><span class=\"teaserRight\">]<\/span>\r\n\t\t<\/div>\r\n\t\t<div class=\"teaserText\">\r\n\t\t\t<a href=\"http:\/\/www.alphak.net\/news\/contact\/\" title=\"Contact\" rel=\"bookmark\"><span class=\"teaserlink\">Lire la suite de l'article&nbsp;<i class=\"fa fa-chevron-right\"><\/i><\/span><\/a>\r\n\t\t<\/div>\r\n\t\t<a class=\"teaserLink\" href=\"http:\/\/www.alphak.net\/news\/contact\/\" title=\"Contact\" rel=\"bookmark\"><\/a>\r\n\t<\/div>\r\n","protected":false},"author":1,"featured_media":3181,"parent":0,"menu_order":0,"comment_status":"closed","ping_status":"open","template":"templates\/contact.php","meta":{"footnotes":""},"class_list":["post-2708","page","type-page","status-publish","has-post-thumbnail","hentry"],"_links":{"self":[{"href":"http:\/\/www.alphak.net\/news\/wp-json\/wp\/v2\/pages\/2708"}],"collection":[{"href":"http:\/\/www.alphak.net\/news\/wp-json\/wp\/v2\/pages"}],"about":[{"href":"http:\/\/www.alphak.net\/news\/wp-json\/wp\/v2\/types\/page"}],"author":[{"embeddable":true,"href":"http:\/\/www.alphak.net\/news\/wp-json\/wp\/v2\/users\/1"}],"replies":[{"embeddable":true,"href":"http:\/\/www.alphak.net\/news\/wp-json\/wp\/v2\/comments?post=2708"}],"version-history":[{"count":2,"href":"http:\/\/www.alphak.net\/news\/wp-json\/wp\/v2\/pages\/2708\/revisions"}],"predecessor-version":[{"id":2710,"href":"http:\/\/www.alphak.net\/news\/wp-json\/wp\/v2\/pages\/2708\/revisions\/2710"}],"wp:featuredmedia":[{"embeddable":true,"href":"http:\/\/www.alphak.net\/news\/wp-json\/wp\/v2\/media\/3181"}],"wp:attachment":[{"href":"http:\/\/www.alphak.net\/news\/wp-json\/wp\/v2\/media?parent=2708"}],"curies":[{"name":"wp","href":"https:\/\/api.w.org\/{rel}","templated":true}]}}