{"id":3179,"date":"2018-11-02T20:04:30","date_gmt":"2018-11-02T19:04:30","guid":{"rendered":"http:\/\/www.alphak.net\/news\/?page_id=3179"},"modified":"2024-11-01T01:37:55","modified_gmt":"2024-11-01T00:37:55","slug":"politique-de-confidentialite","status":"publish","type":"page","link":"https:\/\/www.alphak.net\/news\/politique-de-confidentialite\/","title":{"rendered":"Politique de confidentialit\u00e9"},"content":{"rendered":"<h3>Qui sommes-nous\u00a0?<\/h3>\n<p>L\u2019adresse canonique de notre site web est http(s):\/\/www.alphak.net\/<\/p>\n<h3>Utilisation des donn\u00e9es personnelles collect\u00e9es<\/h3>\n<h4>Commentaires<\/h4>\n<p>Quand vous laissez un commentaire sur notre site web, les donn\u00e9es inscrites dans le formulaire de commentaire, mais aussi votre adresse IP et l\u2019agent utilisateur de votre navigateur sont collect\u00e9s pour nous aider \u00e0 la d\u00e9tection des commentaires ind\u00e9sirables.<\/p>\n<h4>Formulaires de contact<\/h4>\n<p>Quand vous utilisez le formulaire de contact, les donn\u00e9es saisies dans le formulaire sont collect\u00e9es afin de pouvoir r\u00e9pondre \u00e0 votre message en retour, si cela s&rsquo;av\u00e9rait n\u00e9cessaire. Ces donn\u00e9es sont conserv\u00e9es sur une p\u00e9riode d&rsquo;un an.<\/p>\n<h4>Cookies<\/h4>\n<p>Si vous d\u00e9posez un commentaire sur notre site, il vous sera propos\u00e9 d\u2019enregistrer votre nom, adresse de messagerie et site web dans des cookies. C\u2019est uniquement pour votre confort afin de ne pas avoir \u00e0 saisir ces informations si vous d\u00e9posez un autre commentaire plus tard. Ces cookies expirent au bout d\u2019un an.<\/p>\n<h4>Contenu embarqu\u00e9 depuis d\u2019autres sites<\/h4>\n<p>Les articles de ce site peuvent inclure des contenus int\u00e9gr\u00e9s (par exemple des vid\u00e9os, images, articles\u2026). Le contenu int\u00e9gr\u00e9 depuis d\u2019autres sites se comporte de la m\u00eame mani\u00e8re que si le visiteur se rendait sur cet autre site.<\/p>\n<p>Ces sites web pourraient collecter des donn\u00e9es sur vous, utiliser des cookies, embarquer des outils de suivis tiers, suivre vos interactions avec ces contenus embarqu\u00e9s si vous disposez d\u2019un compte connect\u00e9 sur leur site web.<\/p>\n<p>Des contenus int\u00e9gr\u00e9s proviennent des services internes http(s):\/\/cdn.alphak.net et http(s):\/\/com.alphak.net, dont la politique de confidentialit\u00e9 est consultable ici : <a href=\"http:\/\/com.alphak.net\/privacy-policy\/\" target=\"_blank\" rel=\"noopener\">Politique de confidentialit\u00e9 des services internes AlphaK.net<\/a>.<\/p>\n<p>Si vous ne souhaitez pas transmettre d&rsquo;informations aux services mentionn\u00e9es, utilisez l&rsquo;outil de gestion des services situ\u00e9 en bas de page.<\/p>\n<h4>Statistiques et mesures d\u2019audience<\/h4>\n<p>Nous collectons des informations sur la mani\u00e8re dont les visiteurs utilisent notre site. Nous utilisons ces informations pour \u00e9tablir des rapports anonymis\u00e9es \u00e0 des fins statistiques et nous aider \u00e0 am\u00e9liorer le site.<\/p>\n<p>Lorsque vous visitez notre site, nous stockons : votre site web de provenance, les pages de notre site que vous visitez, la date et la dur\u00e9e de votre visite, votre adresse IP anonymis\u00e9e, des informations sur votre appareil utilis\u00e9 durant votre visite (type d&rsquo;appareil, syst\u00e8me d&rsquo;exploitation, r\u00e9solution d&rsquo;\u00e9cran, langue, pays de localisation, et type de navigateur).<\/p>\n<p>Nous utilisons des cookies <span id=\"result_box\" class=\"\" lang=\"fr\" tabindex=\"-1\"><span class=\"\">\u00e0 des fins d&rsquo;archivage et pour am\u00e9liorer les fonctionnalit\u00e9s de notre site.<\/span> Ces cookies expirent au bout de 13 mois. <span class=\"\">Vous pouvez d\u00e9sactiver ou limiter la transmission de ces cookies en utilisant l&rsquo;outil de gestion des services en bas de page.<\/span> Les cookies d\u00e9j\u00e0 enregistr\u00e9s peuvent \u00eatre supprim\u00e9s \u00e0 tout moment.<\/span><\/p>\n<h4>Mesures de s\u00e9curit\u00e9<\/h4>\n<p>Lors de votre visite, nous collectons votre site web de provenance, les ressources du site consult\u00e9es, la date, l&rsquo;heure, votre adresse IP et l\u2019agent utilisateur de votre navigateur. Ces donn\u00e9es sont stock\u00e9es pour des raisons l\u00e9gales, et expirent au bout d&rsquo;un an.<\/p>\n<h3>Dur\u00e9e de stockage de vos donn\u00e9es<\/h3>\n<p>Si vous laissez un commentaire, le commentaire et ses m\u00e9tadonn\u00e9es sont conserv\u00e9s ind\u00e9finiment. Cela permet de reconna\u00eetre et approuver automatiquement les commentaires suivants au lieu de les laisser dans la file de mod\u00e9ration.<\/p>\n<h3>Les droits que vous avez sur vos donn\u00e9es<\/h3>\n<p>Si vous avez laiss\u00e9 des commentaires sur le site, vous pouvez demander \u00e0 recevoir un fichier contenant toutes les donn\u00e9es personnelles que nous poss\u00e9dons \u00e0 votre sujet, incluant celles que vous nous avez fournies. Vous pouvez \u00e9galement demander la suppression des donn\u00e9es personnelles vous concernant. Cela ne prend pas en compte les donn\u00e9es stock\u00e9es \u00e0 des fins administratives, l\u00e9gales ou pour des raisons de s\u00e9curit\u00e9.<\/p>\n<h3>Transmission de vos donn\u00e9es personnelles<\/h3>\n<p>Ce utilisons le service externe Akismet afin de lutter contre les commentaires ind\u00e9sirables. Des donn\u00e9es sont r\u00e9colt\u00e9es par ce service dans le cadre de cette lutte contre les commentaires ind\u00e9sirables. La politique de confidentialit\u00e9 du service Akismet est consultable ici : <a href=\"https:\/\/akismet.com\/privacy\/\" target=\"_blank\" rel=\"noopener\">Politique de confidentialit\u00e9 Akismet<\/a>.<\/p>\n<p>Une cha\u00eene anonymis\u00e9e cr\u00e9\u00e9e \u00e0 partir de votre adresse de messagerie (\u00e9galement appel\u00e9e hash) peut \u00eatre envoy\u00e9e au service Gravatar pour v\u00e9rifier si vous utilisez ce dernier. La politique de confidentialit\u00e9 du service Gravatar est consultable ici : <a href=\"https:\/\/automattic.com\/privacy\/\" target=\"_blank\" rel=\"noopener\">Politique de confidentialit\u00e9 Gravatar<\/a>. Apr\u00e8s validation de votre commentaire, votre photo de profil sera visible publiquement \u00e0 cot\u00e9 de votre commentaire.<\/p>\n<h3>Informations de contact<\/h3>\n<p>Pour nous contacter, utilisez ce <a href=\"http:\/\/www.alphak.net\/news\/contact\/\">formulaire<\/a>.<\/p>\n<h3>Modification de vos param\u00e8tres<\/h3>\n<p>En vertu de la directive n\u00b0 2009\/136\/CE \u00ab\u00a0Telecom Package\u00a0\u00bb, ainsi que du r\u00e8glement n\u00b0 2016\/679 \u00ab\u00a0R\u00e8glement G\u00e9n\u00e9ral sur la Protection des Donn\u00e9es (RGPD)\u00a0\u00bb, vous avez le droit de modifier les param\u00e8tres de suivi de votre ordinateur. Vous pouvez appliquer ce droit en utilisant l&rsquo;outil de gestion des services en bas de page.<\/p>\n","protected":false},"excerpt":{"rendered":"<h3>Qui sommes-nous\u00a0?<\/h3>\n<p>L\u2019adresse canonique de notre site web est http(s):\/\/www.alphak.net\/<\/p>\n<h3>Utilisation des donn\u00e9es personnelles collect\u00e9es<\/h3>\n<h4>Commentaires<\/h4>\n<p>Quand vous laissez un commentaire sur notre site web, les donn\u00e9es inscrites dans le formulaire de commentaire, mais aussi votre adresse IP et l\u2019agent utilisateur de votre navigateur sont collect\u00e9s pour nous aider \u00e0 la d\u00e9tection des commentaires ind\u00e9sirables.<\/p>\n<h4>Formulaires de contact<\/h4>\n<p>Quand vous utilisez le formulaire de contact, les donn\u00e9es saisies dans le formulaire sont collect\u00e9es afin de pouvoir r\u00e9pondre \u00e0 votre message en retour, si cela s&rsquo;av\u00e9rait n\u00e9cessaire. Ces donn\u00e9es sont conserv\u00e9es sur une p\u00e9riode d&rsquo;un an.<\/p>\n\t<div class=\"post-teaser-block\">\r\n\t\t<div class=\"teaserHellip\">\r\n\t\t\t<span class=\"teaserLeft\">[<\/span><span class=\"teaserCenter\">&hellip;<\/span><span class=\"teaserRight\">]<\/span>\r\n\t\t<\/div>\r\n\t\t<div class=\"teaserText\">\r\n\t\t\t<a href=\"https:\/\/www.alphak.net\/news\/politique-de-confidentialite\/\" title=\"Politique de confidentialit\u00e9\" rel=\"bookmark\"><span class=\"teaserlink\">Lire la suite de l'article&nbsp;<i class=\"fa fa-chevron-right\"><\/i><\/span><\/a>\r\n\t\t<\/div>\r\n\t\t<a class=\"teaserLink\" href=\"https:\/\/www.alphak.net\/news\/politique-de-confidentialite\/\" title=\"Politique de confidentialit\u00e9\" rel=\"bookmark\"><\/a>\r\n\t<\/div>\r\n","protected":false},"author":1,"featured_media":3185,"parent":0,"menu_order":0,"comment_status":"closed","ping_status":"closed","template":"","meta":{"footnotes":""},"class_list":["post-3179","page","type-page","status-publish","has-post-thumbnail","hentry"],"_links":{"self":[{"href":"https:\/\/www.alphak.net\/news\/wp-json\/wp\/v2\/pages\/3179"}],"collection":[{"href":"https:\/\/www.alphak.net\/news\/wp-json\/wp\/v2\/pages"}],"about":[{"href":"https:\/\/www.alphak.net\/news\/wp-json\/wp\/v2\/types\/page"}],"author":[{"embeddable":true,"href":"https:\/\/www.alphak.net\/news\/wp-json\/wp\/v2\/users\/1"}],"replies":[{"embeddable":true,"href":"https:\/\/www.alphak.net\/news\/wp-json\/wp\/v2\/comments?post=3179"}],"version-history":[{"count":27,"href":"https:\/\/www.alphak.net\/news\/wp-json\/wp\/v2\/pages\/3179\/revisions"}],"predecessor-version":[{"id":3240,"href":"https:\/\/www.alphak.net\/news\/wp-json\/wp\/v2\/pages\/3179\/revisions\/3240"}],"wp:featuredmedia":[{"embeddable":true,"href":"https:\/\/www.alphak.net\/news\/wp-json\/wp\/v2\/media\/3185"}],"wp:attachment":[{"href":"https:\/\/www.alphak.net\/news\/wp-json\/wp\/v2\/media?parent=3179"}],"curies":[{"name":"wp","href":"https:\/\/api.w.org\/{rel}","templated":true}]}}