{"id":577,"date":"2008-10-29T00:19:30","date_gmt":"2008-10-28T23:19:30","guid":{"rendered":"http:\/\/www.alphak.net\/news\/?page_id=577"},"modified":"2018-11-02T22:43:41","modified_gmt":"2018-11-02T21:43:41","slug":"plus-dinfos","status":"publish","type":"page","link":"https:\/\/www.alphak.net\/news\/plus-dinfos\/","title":{"rendered":"Plus d&rsquo;infos"},"content":{"rendered":"<h3>Qui suis-je ?<\/h3>\n<p>Un f\u00e9ru de bricolage et de technologie, depuis toujours.<\/p>\n<p>Un geek passionn\u00e9, depuis 1987.<\/p>\n<p>Un webmaster curieux, depuis 1998.<\/p>\n<p>Un administrateur de serveur GNU\/Linux visionnaire, depuis 2002.<\/p>\n<p>Un possesseur de nom de domaine heureux, depuis 2003.<\/p>\n<p>Un dipl\u00f4m\u00e9 en t\u00e9l\u00e9communications r\u00eaveur, depuis 2004.<\/p>\n<h3>O\u00f9 suis-je ?<\/h3>\n<p>\u00c0 Lyon.<\/p>\n<h3>Que fais-je ?<\/h3>\n<p>\u00c0 titre personnel, je supervise un serveur auto-h\u00e9berg\u00e9. Je maintiens avec plus ou moins de r\u00e9gularit\u00e9 mes blogs, sites, et autres services h\u00e9berg\u00e9s par ce bais. En bon geek qui se respecte, j&rsquo;ai une passion d\u00e9vorante pour les jeux vid\u00e9o, le cin\u00e9ma, les comics et toutes sortes de bandes dessin\u00e9es et autres arts graphiques. Il m&rsquo;arrive de faire du d\u00e9veloppement, web mais pas que. Je m&rsquo;int\u00e9resse de pr\u00e8s aux technologies de l&rsquo;information, mais aussi aux solutions VDI et domotiques. Je m&rsquo;essaie aussi de temps en temps \u00e0 l&rsquo;\u00e9lectronique.<\/p>\n<p>\u00c0 titre professionnel, j&rsquo;interviens sur des probl\u00e9matiques d&rsquo;interop\u00e9rabilit\u00e9 technique dans le domaine hospitalier.<\/p>\n<h3>\u00c0 quoi ressemble-je ?<\/h3>\n<p>Plus ou moins \u00e0 \u00e7a :<img loading=\"lazy\" decoding=\"async\" class=\"aligncenter size-full wp-image-2851\" src=\"http:\/\/cdn.alphak.net\/news\/wp-content\/uploads\/sites\/2\/2014\/07\/avatar-gfwl.png\" alt=\"avatar-gfwl\" width=\"86\" height=\"219\" \/><\/p>\n<h3>Comment me joindre ?<\/h3>\n<p>Si vous avez une question technique relative \u00e0 l&rsquo;un de mes articles, <span style=\"text-decoration: underline;\">merci de poser votre question en utilisant la zone de commentaires disponible en bas de l&rsquo;article<\/span>, afin que la question et la r\u00e9ponse profitent \u00e0 la communaut\u00e9. Pour toute autre demande, vous pouvez utiliser ce <a title=\"Contact\" href=\"http:\/\/www.alphak.net\/news\/contact\/\">formulaire de contact<\/a>. Veuillez prendre note du fait que <span style=\"text-decoration: underline;\">je ne r\u00e9pondrai pas<\/span> aux questions techniques qui me seront adress\u00e9es via le formulaire de contact.<\/p>\n<h3>Disclaimer politiquement correct<\/h3>\n<p>Bien que m&rsquo;effor\u00e7ant au maximum de maintenir cet espace d&rsquo;expression exempt de commentaires racistes, injurieux, diffamatoires, ou d&rsquo;une mani\u00e8re g\u00e9n\u00e9rale non conformes aux lois en vigueur, je ne peux en garantir la l\u00e9gitimit\u00e9 de part mon statut d&rsquo;<em>h\u00e9bergeur<\/em>. En cas de litige concernant un article, un commentaire, ou tout contenu propre au domaine alphak.net, veuillez me le signaler en utilisant ce\u00a0<a title=\"Contact\" href=\"http:\/\/www.alphak.net\/news\/contact\/\">formulaire de contact<\/a> et je m&rsquo;efforcerai d&rsquo;y rem\u00e9dier dans les plus brefs d\u00e9lais.<\/p>\n<h3>Politique de confidentialit\u00e9<\/h3>\n<p>Afficher la <a href=\"http:\/\/www.alphak.net\/news\/politique-de-confidentialite\/\">politique de confidentialit\u00e9<\/a> du site.<\/p>\n","protected":false},"excerpt":{"rendered":"<h3>Qui suis-je ?<\/h3>\n<p>Un f\u00e9ru de bricolage et de technologie, depuis toujours.<\/p>\n<p>Un geek passionn\u00e9, depuis 1987.<\/p>\n<p>Un webmaster curieux, depuis 1998.<\/p>\n<p>Un administrateur de serveur GNU\/Linux visionnaire, depuis 2002.<\/p>\n<p>Un possesseur de nom de domaine heureux, depuis 2003.<\/p>\n<p>Un dipl\u00f4m\u00e9 en t\u00e9l\u00e9communications r\u00eaveur, depuis 2004.<\/p>\n<h3>O\u00f9 suis-je ?<\/h3>\n<p>\u00c0 Lyon.<\/p>\n<h3>Que fais-je ?<\/h3>\n<p>\u00c0 titre personnel, je supervise un serveur auto-h\u00e9berg\u00e9. Je maintiens avec plus ou moins de r\u00e9gularit\u00e9 mes blogs, sites, et autres services h\u00e9berg\u00e9s par ce bais. En bon geek qui se respecte, j&rsquo;ai une passion d\u00e9vorante pour les jeux vid\u00e9o, le cin\u00e9ma, les comics et toutes sortes de bandes dessin\u00e9es et autres arts graphiques. Il m&rsquo;arrive de faire du d\u00e9veloppement, web mais pas que. Je m&rsquo;int\u00e9resse de pr\u00e8s aux technologies de l&rsquo;information, mais aussi aux solutions VDI et domotiques. Je m&rsquo;essaie aussi de temps en temps \u00e0 l&rsquo;\u00e9lectronique.<\/p>\n\t<div class=\"post-teaser-block\">\r\n\t\t<div class=\"teaserHellip\">\r\n\t\t\t<span class=\"teaserLeft\">[<\/span><span class=\"teaserCenter\">&hellip;<\/span><span class=\"teaserRight\">]<\/span>\r\n\t\t<\/div>\r\n\t\t<div class=\"teaserText\">\r\n\t\t\t<a href=\"https:\/\/www.alphak.net\/news\/plus-dinfos\/\" title=\"Plus d&rsquo;infos\" rel=\"bookmark\"><span class=\"teaserlink\">Lire la suite de l'article&nbsp;<i class=\"fa fa-chevron-right\"><\/i><\/span><\/a>\r\n\t\t<\/div>\r\n\t\t<a class=\"teaserLink\" href=\"https:\/\/www.alphak.net\/news\/plus-dinfos\/\" title=\"Plus d&rsquo;infos\" rel=\"bookmark\"><\/a>\r\n\t<\/div>\r\n","protected":false},"author":1,"featured_media":3183,"parent":0,"menu_order":0,"comment_status":"closed","ping_status":"open","template":"","meta":{"footnotes":""},"class_list":["post-577","page","type-page","status-publish","has-post-thumbnail","hentry"],"_links":{"self":[{"href":"https:\/\/www.alphak.net\/news\/wp-json\/wp\/v2\/pages\/577"}],"collection":[{"href":"https:\/\/www.alphak.net\/news\/wp-json\/wp\/v2\/pages"}],"about":[{"href":"https:\/\/www.alphak.net\/news\/wp-json\/wp\/v2\/types\/page"}],"author":[{"embeddable":true,"href":"https:\/\/www.alphak.net\/news\/wp-json\/wp\/v2\/users\/1"}],"replies":[{"embeddable":true,"href":"https:\/\/www.alphak.net\/news\/wp-json\/wp\/v2\/comments?post=577"}],"version-history":[{"count":11,"href":"https:\/\/www.alphak.net\/news\/wp-json\/wp\/v2\/pages\/577\/revisions"}],"predecessor-version":[{"id":3196,"href":"https:\/\/www.alphak.net\/news\/wp-json\/wp\/v2\/pages\/577\/revisions\/3196"}],"wp:featuredmedia":[{"embeddable":true,"href":"https:\/\/www.alphak.net\/news\/wp-json\/wp\/v2\/media\/3183"}],"wp:attachment":[{"href":"https:\/\/www.alphak.net\/news\/wp-json\/wp\/v2\/media?parent=577"}],"curies":[{"name":"wp","href":"https:\/\/api.w.org\/{rel}","templated":true}]}}